{"id":217,"date":"2022-12-23T23:02:31","date_gmt":"2022-12-23T23:02:31","guid":{"rendered":"https:\/\/www.muclimousine.de\/?page_id=217"},"modified":"2026-04-16T23:39:50","modified_gmt":"2026-04-16T21:39:50","slug":"limousinenservice-muenchen-kontakt","status":"publish","type":"page","link":"https:\/\/www.muclimousine.de\/en\/contact\/","title":{"rendered":"Contact"},"content":{"rendered":"<div data-elementor-type=\"wp-page\" data-elementor-id=\"217\" class=\"elementor elementor-217\" data-elementor-post-type=\"page\">\n\t\t\t\t\t\t<section class=\"elementor-section elementor-top-section elementor-element elementor-element-3ce7155 elementor-section-boxed elementor-section-height-default elementor-section-height-default sc_fly_static\" data-id=\"3ce7155\" data-element_type=\"section\">\n\t\t\t\t\t\t<div class=\"elementor-container elementor-column-gap-extended\">\n\t\t\t\t\t<div class=\"elementor-column elementor-col-100 elementor-top-column elementor-element elementor-element-0fdf137 sc_content_align_inherit sc_layouts_column_icons_position_left sc_fly_static\" data-id=\"0fdf137\" data-element_type=\"column\">\n\t\t\t<div class=\"elementor-widget-wrap elementor-element-populated\">\n\t\t\t\t\t\t<div class=\"elementor-element elementor-element-215ed668 sc_height_huge sc_fly_static elementor-widget elementor-widget-spacer\" data-id=\"215ed668\" data-element_type=\"widget\" data-widget_type=\"spacer.default\">\n\t\t\t\t<div class=\"elementor-widget-container\">\n\t\t\t\t\t\t\t<div class=\"elementor-spacer\">\n\t\t\t<div class=\"elementor-spacer-inner\"><\/div>\n\t\t<\/div>\n\t\t\t\t\t\t<\/div>\n\t\t\t\t<\/div>\n\t\t\t\t<div class=\"elementor-element elementor-element-21bca1a sc_layouts_hide_on_notebook sc_layouts_hide_on_tablet sc_layouts_hide_on_mobile sc_fly_static elementor-widget elementor-widget-spacer\" data-id=\"21bca1a\" data-element_type=\"widget\" data-widget_type=\"spacer.default\">\n\t\t\t\t<div class=\"elementor-widget-container\">\n\t\t\t\t\t\t\t<div class=\"elementor-spacer\">\n\t\t\t<div class=\"elementor-spacer-inner\"><\/div>\n\t\t<\/div>\n\t\t\t\t\t\t<\/div>\n\t\t\t\t<\/div>\n\t\t\t\t\t<\/div>\n\t\t<\/div>\n\t\t\t\t\t<\/div>\n\t\t<\/section>\n\t\t\t\t<section class=\"elementor-section elementor-top-section elementor-element elementor-element-0b3d49d elementor-section-boxed elementor-section-height-default elementor-section-height-default sc_fly_static\" data-id=\"0b3d49d\" data-element_type=\"section\">\n\t\t\t\t\t\t<div class=\"elementor-container elementor-column-gap-extended\">\n\t\t\t\t\t<div class=\"elementor-column elementor-col-50 elementor-top-column elementor-element elementor-element-02be1e4 sc_content_align_inherit sc_layouts_column_icons_position_left sc_fly_static\" data-id=\"02be1e4\" data-element_type=\"column\">\n\t\t\t<div class=\"elementor-widget-wrap elementor-element-populated\">\n\t\t\t\t\t\t<div class=\"elementor-element elementor-element-4319a8d sc_fly_static elementor-widget elementor-widget-spacer\" data-id=\"4319a8d\" data-element_type=\"widget\" data-widget_type=\"spacer.default\">\n\t\t\t\t<div class=\"elementor-widget-container\">\n\t\t\t\t\t\t\t<div class=\"elementor-spacer\">\n\t\t\t<div class=\"elementor-spacer-inner\"><\/div>\n\t\t<\/div>\n\t\t\t\t\t\t<\/div>\n\t\t\t\t<\/div>\n\t\t\t\t<div class=\"elementor-element elementor-element-23be322e sc_fly_static elementor-widget elementor-widget-trx_sc_title\" data-id=\"23be322e\" data-element_type=\"widget\" data-widget_type=\"trx_sc_title.default\">\n\t\t\t\t<div class=\"elementor-widget-container\">\n\t\t\t\t\t<div\t\tclass=\"sc_title sc_title_default\" ><span class=\"sc_item_subtitle sc_title_subtitle sc_item_subtitle_above sc_item_title_style_default\">Contact us<\/span><h1 class=\"sc_item_title sc_title_title sc_item_title_style_default sc_item_title_tag\"\n\t\t\t><span class=\"sc_item_title_text\">Make a non-binding inquiry now.<\/span><\/h1><div class=\"sc_item_descr sc_title_descr\"><p>Kontaktieren Sie unseren Limousinenservice M\u00fcnchen Kontakt f\u00fcr Flughafentransfers, Gesch\u00e4ftsreisen und exklusive Fahrten.<\/p>\n<\/div><\/div>\t\t\t\t<\/div>\n\t\t\t\t<\/div>\n\t\t\t\t<div class=\"elementor-element elementor-element-9814a61 sc_fly_static elementor-widget elementor-widget-text-editor\" data-id=\"9814a61\" data-element_type=\"widget\" data-widget_type=\"text-editor.default\">\n\t\t\t\t<div class=\"elementor-widget-container\">\n\t\t\t\t\t\t\t\t\t<p data-start=\"959\" data-end=\"1231\">Unser Limousinenservice M\u00fcnchen Kontakt steht Ihnen jederzeit f\u00fcr Anfragen zur Verf\u00fcgung. Ob Flughafentransfer, Eventfahrt oder Gesch\u00e4ftsreise \u2013 wir bieten Ihnen komfortable und zuverl\u00e4ssige Fahrten in M\u00fcnchen. Kontaktieren Sie uns jetzt f\u00fcr ein individuelles Angebot.<\/p><p data-section-id=\"gz9uit\" data-start=\"1233\" data-end=\"1250\">\u00a0<\/p>\t\t\t\t\t\t\t\t<\/div>\n\t\t\t\t<\/div>\n\t\t\t\t<div class=\"elementor-element elementor-element-329e7b19 sc_fly_static elementor-widget elementor-widget-trx_sc_icons\" data-id=\"329e7b19\" data-element_type=\"widget\" data-widget_type=\"trx_sc_icons.default\">\n\t\t\t\t<div class=\"elementor-widget-container\">\n\t\t\t\t\t<div \tclass=\"sc_icons sc_icons_simple sc_icons_size_small sc_align_none\" ><div class=\"sc_icons_item sc_icons_item_linked with_more\"><div class=\"sc_icons_icon sc_icon_type_ icon-iphone\" style=\"color: #845923\" ><span class=\"sc_icon_type_ icon-iphone\" style=\"color: #845923\"><\/span><\/div><div class=\"sc_icons_item_details\"><a href=\"tel: 4915777775053\" class=\"sc_icons_item_more_link\">\n                        <span class=\"link_text\">+49 157 7777 5053<\/span><span class=\"link_icon\"><\/span>\n                        <\/a><a href=\"tel: 4915777775053\"\n                        class=\"sc_icons_item_link\">\n                        <\/a><\/div><\/div><div class=\"sc_icons_item with_more\"><div class=\"sc_icons_icon sc_icon_type_ icon-envelope-2\" style=\"color: #845923\" ><span class=\"sc_icon_type_ icon-envelope-2\" style=\"color: #845923\"><\/span><\/div><div class=\"sc_icons_item_details\"><div class=\"sc_icons_item_description\"><span><a href=\"mailto:info@muclimousine.de\">info@muclimousine.de<\/a><\/span><\/div><\/div><\/div><\/div><!-- \/.sc_icons -->\t\t\t\t<\/div>\n\t\t\t\t<\/div>\n\t\t\t\t\t<\/div>\n\t\t<\/div>\n\t\t\t\t<div class=\"elementor-column elementor-col-50 elementor-top-column elementor-element elementor-element-5322d67 sc_content_align_inherit sc_layouts_column_icons_position_left sc_fly_static\" data-id=\"5322d67\" data-element_type=\"column\">\n\t\t\t<div class=\"elementor-widget-wrap elementor-element-populated\">\n\t\t\t\t\t\t<div class=\"elementor-element elementor-element-5ca27077 sc_fly_static elementor-widget elementor-widget-spacer\" data-id=\"5ca27077\" data-element_type=\"widget\" data-widget_type=\"spacer.default\">\n\t\t\t\t<div class=\"elementor-widget-container\">\n\t\t\t\t\t\t\t<div class=\"elementor-spacer\">\n\t\t\t<div class=\"elementor-spacer-inner\"><\/div>\n\t\t<\/div>\n\t\t\t\t\t\t<\/div>\n\t\t\t\t<\/div>\n\t\t\t\t<div class=\"elementor-element elementor-element-1f97b2dc sc_fly_static elementor-widget elementor-widget-trx_sc_contact_form_7\" data-id=\"1f97b2dc\" data-element_type=\"widget\" data-widget_type=\"trx_sc_contact_form_7.default\">\n\t\t\t\t<div class=\"elementor-widget-container\">\n\t\t\t\t\t\n<div class=\"wpcf7 no-js\" id=\"wpcf7-f225-o1\" lang=\"en-US\" dir=\"ltr\" data-wpcf7-id=\"225\">\n<div class=\"screen-reader-response\"><p role=\"status\" aria-live=\"polite\" aria-atomic=\"true\"><\/p> <ul><\/ul><\/div>\n<form action=\"\/en\/wp-json\/wp\/v2\/pages\/217#wpcf7-f225-o1\" method=\"post\" class=\"wpcf7-form init\" aria-label=\"Contact form\" novalidate=\"novalidate\" data-status=\"init\" data-trp-original-action=\"\/en\/wp-json\/wp\/v2\/pages\/217#wpcf7-f225-o1\">\n<div style=\"display: none;\">\n<input type=\"hidden\" name=\"_wpcf7\" value=\"225\" \/>\n<input type=\"hidden\" name=\"_wpcf7_version\" value=\"6.0.3\" \/>\n<input type=\"hidden\" name=\"_wpcf7_locale\" value=\"en_US\" \/>\n<input type=\"hidden\" name=\"_wpcf7_unit_tag\" value=\"wpcf7-f225-o1\" \/>\n<input type=\"hidden\" name=\"_wpcf7_container_post\" value=\"0\" \/>\n<input type=\"hidden\" name=\"_wpcf7_posted_data_hash\" value=\"\" \/>\n<\/div>\n<div class=\"form-style-1\">\n\t<div class=\"columns_wrap\">\n\t\t<div class=\"column-1_2\">\n\t\t\t<p><span class=\"style-line icon-name\"><span class=\"wpcf7-form-control-wrap\" data-name=\"your-name\"><input size=\"40\" maxlength=\"400\" class=\"wpcf7-form-control wpcf7-text wpcf7-validates-as-required\" aria-required=\"true\" aria-invalid=\"false\" placeholder=\"Name\" value=\"\" type=\"text\" name=\"your-name\" \/><\/span><\/span>\n\t\t\t<\/p>\n\t\t<\/div>\n\t\t<div class=\"column-1_2\">\n\t\t\t<p><span class=\"style-line icon-email\"><span class=\"wpcf7-form-control-wrap\" data-name=\"your-email\"><input size=\"40\" maxlength=\"400\" class=\"wpcf7-form-control wpcf7-email wpcf7-validates-as-required wpcf7-text wpcf7-validates-as-email\" aria-required=\"true\" aria-invalid=\"false\" placeholder=\"E-mail address\" value=\"\" type=\"email\" name=\"your-email\" \/><\/span><\/span>\n\t\t\t<\/p>\n\t\t<\/div>\n\t<\/div>\n\t<div class=\"columns_wrap\">\n\t\t<div class=\"column-1_2\">\n\t\t\t<p><span class=\"style-line icon-phone\"><span class=\"wpcf7-form-control-wrap\" data-name=\"phone\"><input size=\"40\" maxlength=\"400\" class=\"wpcf7-form-control wpcf7-tel wpcf7-validates-as-required wpcf7-text wpcf7-validates-as-tel\" aria-required=\"true\" aria-invalid=\"false\" placeholder=\"Telephone\" value=\"\" type=\"tel\" name=\"phone\" \/><\/span><\/span>\n\t\t\t<\/p>\n\t\t<\/div>\n\t\t<div class=\"column-1_2\">\n\t\t\t<p><span class=\"style-line icon-subject\"><span class=\"wpcf7-form-control-wrap\" data-name=\"subject\"><input size=\"40\" maxlength=\"400\" class=\"wpcf7-form-control wpcf7-text wpcf7-validates-as-required\" aria-required=\"true\" aria-invalid=\"false\" placeholder=\"Subject\" value=\"\" type=\"text\" name=\"subject\" \/><\/span><\/span>\n\t\t\t<\/p>\n\t\t<\/div>\n\t<\/div>\n\t<div class=\"columns_wrap margin-bottom\">\n\t\t<div class=\"column-1_1\">\n\t\t\t<p><span class=\"style-line icon-textarea\"><span class=\"wpcf7-form-control-wrap\" data-name=\"your-message\"><textarea cols=\"40\" rows=\"10\" maxlength=\"2000\" class=\"wpcf7-form-control wpcf7-textarea wpcf7-validates-as-required\" aria-required=\"true\" aria-invalid=\"false\" placeholder=\"How can we help you?\" name=\"your-message\"><\/textarea><\/span><\/span>\n\t\t\t<\/p>\n\t\t<\/div>\n\t<\/div>\n\t<p><input class=\"wpcf7-form-control wpcf7-submit has-spinner\" type=\"submit\" value=\"Send now\" \/><span class=\"wpcf7-form-control-wrap\" data-name=\"acceptance\"><span class=\"wpcf7-form-control wpcf7-acceptance\"><span class=\"wpcf7-list-item\"><label><input type=\"checkbox\" name=\"acceptance\" value=\"1\" aria-invalid=\"false\" \/><span class=\"wpcf7-list-item-label\">I agree with the <a href=\"\/en\/privacy-policy\/\">for Privacy policy<\/a>.<\/span><\/label><\/span><\/span><\/span>\n\t<\/p>\n<\/div><div class=\"wpcf7-response-output\" aria-hidden=\"true\"><\/div>\n<input type=\"hidden\" name=\"trp-form-language\" value=\"en\"\/><\/form>\n<\/div>\n\t\t\t\t<\/div>\n\t\t\t\t<\/div>\n\t\t\t\t\t<\/div>\n\t\t<\/div>\n\t\t\t\t\t<\/div>\n\t\t<\/section>\n\t\t\t\t<section class=\"elementor-section elementor-top-section elementor-element elementor-element-4688365 elementor-section-boxed elementor-section-height-default elementor-section-height-default sc_fly_static\" data-id=\"4688365\" data-element_type=\"section\">\n\t\t\t\t\t\t<div class=\"elementor-container elementor-column-gap-extended\">\n\t\t\t\t\t<div class=\"elementor-column elementor-col-100 elementor-top-column elementor-element elementor-element-e4830fd sc_content_align_inherit sc_layouts_column_icons_position_left sc_fly_static\" data-id=\"e4830fd\" data-element_type=\"column\">\n\t\t\t<div class=\"elementor-widget-wrap elementor-element-populated\">\n\t\t\t\t\t\t<div class=\"elementor-element elementor-element-2df7c68 sc_fly_static elementor-widget elementor-widget-image\" data-id=\"2df7c68\" data-element_type=\"widget\" data-widget_type=\"image.default\">\n\t\t\t\t<div class=\"elementor-widget-container\">\n\t\t\t\t\t\t\t\t\t\t\t\t\t\t\t<img fetchpriority=\"high\" decoding=\"async\" width=\"1024\" height=\"691\" src=\"https:\/\/www.muclimousine.de\/wp-content\/uploads\/2025\/01\/IMG_0695-1024x691.jpg\" class=\"attachment-large size-large wp-image-65476\" alt=\"Limousinenservice M\u00fcnchen Kontakt Chauffeurservice\" srcset=\"https:\/\/www.muclimousine.de\/wp-content\/uploads\/2025\/01\/IMG_0695-1024x691.jpg 1024w, https:\/\/www.muclimousine.de\/wp-content\/uploads\/2025\/01\/IMG_0695-300x202.jpg 300w, https:\/\/www.muclimousine.de\/wp-content\/uploads\/2025\/01\/IMG_0695-768x518.jpg 768w, https:\/\/www.muclimousine.de\/wp-content\/uploads\/2025\/01\/IMG_0695-370x250.jpg 370w, https:\/\/www.muclimousine.de\/wp-content\/uploads\/2025\/01\/IMG_0695-840x567.jpg 840w, https:\/\/www.muclimousine.de\/wp-content\/uploads\/2025\/01\/IMG_0695-410x277.jpg 410w, https:\/\/www.muclimousine.de\/wp-content\/uploads\/2025\/01\/IMG_0695.jpg 1290w\" sizes=\"(max-width: 1024px) 100vw, 1024px\" \/>\t\t\t\t\t\t\t\t\t\t\t\t\t\t\t<\/div>\n\t\t\t\t<\/div>\n\t\t\t\t\t<\/div>\n\t\t<\/div>\n\t\t\t\t\t<\/div>\n\t\t<\/section>\n\t\t\t\t<\/div>","protected":false},"excerpt":{"rendered":"<p>KOntaktieren Sie uns Jetzt unverbindlich anfragen. Kontaktieren Sie unseren Limousinenservice M\u00fcnchen Kontakt f\u00fcr Flughafentransfers, Gesch\u00e4ftsreisen und exklusive Fahrten. Unser Limousinenservice M\u00fcnchen Kontakt steht Ihnen jederzeit f\u00fcr Anfragen zur Verf\u00fcgung. Ob Flughafentransfer, Eventfahrt&hellip;<\/p>","protected":false},"author":1,"featured_media":0,"parent":0,"menu_order":0,"comment_status":"closed","ping_status":"closed","template":"","meta":{"footnotes":""},"class_list":["post-217","page","type-page","status-publish","hentry"],"yoast_head":"<!-- This site is optimized with the Yoast SEO plugin v27.3 - https:\/\/yoast.com\/product\/yoast-seo-wordpress\/ -->\n<title>Limousinenservice M\u00fcnchen Kontakt | MucLimousine<\/title>\n<meta name=\"description\" content=\"Kontaktieren Sie unseren Limousinenservice M\u00fcnchen Kontakt f\u00fcr Flughafentransfers und exklusive Fahrten. Jetzt anfragen!\" \/>\n<meta name=\"robots\" content=\"index, follow, max-snippet:-1, max-image-preview:large, max-video-preview:-1\" \/>\n<link rel=\"canonical\" href=\"https:\/\/www.muclimousine.de\/en\/contact\/\" \/>\n<meta property=\"og:locale\" content=\"en_US\" \/>\n<meta property=\"og:type\" content=\"article\" \/>\n<meta property=\"og:title\" content=\"Limousinenservice M\u00fcnchen Kontakt | MucLimousine\" \/>\n<meta property=\"og:description\" content=\"Kontaktieren Sie unseren Limousinenservice M\u00fcnchen Kontakt f\u00fcr Flughafentransfers und exklusive Fahrten. Jetzt anfragen!\" \/>\n<meta property=\"og:url\" content=\"https:\/\/www.muclimousine.de\/en\/contact\/\" \/>\n<meta property=\"og:site_name\" content=\"MucLimosuine GmbH\" \/>\n<meta property=\"article:modified_time\" content=\"2026-04-16T21:39:50+00:00\" \/>\n<meta property=\"og:image\" content=\"https:\/\/www.muclimousine.de\/wp-content\/uploads\/2025\/01\/IMG_0695.jpg\" \/>\n\t<meta property=\"og:image:width\" content=\"1290\" \/>\n\t<meta property=\"og:image:height\" content=\"870\" \/>\n\t<meta property=\"og:image:type\" content=\"image\/jpeg\" \/>\n<meta name=\"twitter:card\" content=\"summary_large_image\" \/>\n<meta name=\"twitter:label1\" content=\"Est. reading time\" \/>\n\t<meta name=\"twitter:data1\" content=\"1 minute\" \/>\n<script type=\"application\/ld+json\" class=\"yoast-schema-graph\">{\"@context\":\"https:\\\/\\\/schema.org\",\"@graph\":[{\"@type\":\"WebPage\",\"@id\":\"https:\\\/\\\/www.muclimousine.de\\\/limousinenservice-muenchen-kontakt\\\/\",\"url\":\"https:\\\/\\\/www.muclimousine.de\\\/limousinenservice-muenchen-kontakt\\\/\",\"name\":\"Limousinenservice M\u00fcnchen Kontakt | MucLimousine\",\"isPartOf\":{\"@id\":\"https:\\\/\\\/www.muclimousine.de\\\/#website\"},\"primaryImageOfPage\":{\"@id\":\"https:\\\/\\\/www.muclimousine.de\\\/limousinenservice-muenchen-kontakt\\\/#primaryimage\"},\"image\":{\"@id\":\"https:\\\/\\\/www.muclimousine.de\\\/limousinenservice-muenchen-kontakt\\\/#primaryimage\"},\"thumbnailUrl\":\"https:\\\/\\\/www.muclimousine.de\\\/wp-content\\\/uploads\\\/2025\\\/01\\\/IMG_0695-1024x691.jpg\",\"datePublished\":\"2022-12-23T23:02:31+00:00\",\"dateModified\":\"2026-04-16T21:39:50+00:00\",\"description\":\"Kontaktieren Sie unseren Limousinenservice M\u00fcnchen Kontakt f\u00fcr Flughafentransfers und exklusive Fahrten. Jetzt anfragen!\",\"breadcrumb\":{\"@id\":\"https:\\\/\\\/www.muclimousine.de\\\/limousinenservice-muenchen-kontakt\\\/#breadcrumb\"},\"inLanguage\":\"en-US\",\"potentialAction\":[{\"@type\":\"ReadAction\",\"target\":[\"https:\\\/\\\/www.muclimousine.de\\\/limousinenservice-muenchen-kontakt\\\/\"]}]},{\"@type\":\"ImageObject\",\"inLanguage\":\"en-US\",\"@id\":\"https:\\\/\\\/www.muclimousine.de\\\/limousinenservice-muenchen-kontakt\\\/#primaryimage\",\"url\":\"https:\\\/\\\/www.muclimousine.de\\\/wp-content\\\/uploads\\\/2025\\\/01\\\/IMG_0695-1024x691.jpg\",\"contentUrl\":\"https:\\\/\\\/www.muclimousine.de\\\/wp-content\\\/uploads\\\/2025\\\/01\\\/IMG_0695-1024x691.jpg\"},{\"@type\":\"BreadcrumbList\",\"@id\":\"https:\\\/\\\/www.muclimousine.de\\\/limousinenservice-muenchen-kontakt\\\/#breadcrumb\",\"itemListElement\":[{\"@type\":\"ListItem\",\"position\":1,\"name\":\"Startseite\",\"item\":\"https:\\\/\\\/www.muclimousine.de\\\/\"},{\"@type\":\"ListItem\",\"position\":2,\"name\":\"Kontakt\"}]},{\"@type\":\"WebSite\",\"@id\":\"https:\\\/\\\/www.muclimousine.de\\\/#website\",\"url\":\"https:\\\/\\\/www.muclimousine.de\\\/\",\"name\":\"MucLimosuine GmbH\",\"description\":\"Exklusiver Limousinen- und Chauffeurservice in M\u00fcnchen\",\"publisher\":{\"@id\":\"https:\\\/\\\/www.muclimousine.de\\\/#organization\"},\"potentialAction\":[{\"@type\":\"SearchAction\",\"target\":{\"@type\":\"EntryPoint\",\"urlTemplate\":\"https:\\\/\\\/www.muclimousine.de\\\/?s={search_term_string}\"},\"query-input\":{\"@type\":\"PropertyValueSpecification\",\"valueRequired\":true,\"valueName\":\"search_term_string\"}}],\"inLanguage\":\"en-US\"},{\"@type\":\"Organization\",\"@id\":\"https:\\\/\\\/www.muclimousine.de\\\/#organization\",\"name\":\"MucLimosuine GmbH\",\"url\":\"https:\\\/\\\/www.muclimousine.de\\\/\",\"logo\":{\"@type\":\"ImageObject\",\"inLanguage\":\"en-US\",\"@id\":\"https:\\\/\\\/www.muclimousine.de\\\/#\\\/schema\\\/logo\\\/image\\\/\",\"url\":\"https:\\\/\\\/www.muclimousine.de\\\/wp-content\\\/uploads\\\/2024\\\/09\\\/1-e1739202421210.png\",\"contentUrl\":\"https:\\\/\\\/www.muclimousine.de\\\/wp-content\\\/uploads\\\/2024\\\/09\\\/1-e1739202421210.png\",\"width\":2160,\"height\":1073,\"caption\":\"MucLimosuine GmbH\"},\"image\":{\"@id\":\"https:\\\/\\\/www.muclimousine.de\\\/#\\\/schema\\\/logo\\\/image\\\/\"}}]}<\/script>\n<!-- \/ Yoast SEO plugin. -->","yoast_head_json":{"title":"Limousinenservice M\u00fcnchen Kontakt | MucLimousine","description":"Kontaktieren Sie unseren Limousinenservice M\u00fcnchen Kontakt f\u00fcr Flughafentransfers und exklusive Fahrten. Jetzt anfragen!","robots":{"index":"index","follow":"follow","max-snippet":"max-snippet:-1","max-image-preview":"max-image-preview:large","max-video-preview":"max-video-preview:-1"},"canonical":"https:\/\/www.muclimousine.de\/en\/contact\/","og_locale":"en_US","og_type":"article","og_title":"Limousinenservice M\u00fcnchen Kontakt | MucLimousine","og_description":"Kontaktieren Sie unseren Limousinenservice M\u00fcnchen Kontakt f\u00fcr Flughafentransfers und exklusive Fahrten. Jetzt anfragen!","og_url":"https:\/\/www.muclimousine.de\/en\/contact\/","og_site_name":"MucLimosuine GmbH","article_modified_time":"2026-04-16T21:39:50+00:00","og_image":[{"width":1290,"height":870,"url":"https:\/\/www.muclimousine.de\/wp-content\/uploads\/2025\/01\/IMG_0695.jpg","type":"image\/jpeg"}],"twitter_card":"summary_large_image","twitter_misc":{"Est. reading time":"1 minute"},"schema":{"@context":"https:\/\/schema.org","@graph":[{"@type":"WebPage","@id":"https:\/\/www.muclimousine.de\/limousinenservice-muenchen-kontakt\/","url":"https:\/\/www.muclimousine.de\/limousinenservice-muenchen-kontakt\/","name":"Limousinenservice M\u00fcnchen Kontakt | MucLimousine","isPartOf":{"@id":"https:\/\/www.muclimousine.de\/#website"},"primaryImageOfPage":{"@id":"https:\/\/www.muclimousine.de\/limousinenservice-muenchen-kontakt\/#primaryimage"},"image":{"@id":"https:\/\/www.muclimousine.de\/limousinenservice-muenchen-kontakt\/#primaryimage"},"thumbnailUrl":"https:\/\/www.muclimousine.de\/wp-content\/uploads\/2025\/01\/IMG_0695-1024x691.jpg","datePublished":"2022-12-23T23:02:31+00:00","dateModified":"2026-04-16T21:39:50+00:00","description":"Kontaktieren Sie unseren Limousinenservice M\u00fcnchen Kontakt f\u00fcr Flughafentransfers und exklusive Fahrten. Jetzt anfragen!","breadcrumb":{"@id":"https:\/\/www.muclimousine.de\/limousinenservice-muenchen-kontakt\/#breadcrumb"},"inLanguage":"en-US","potentialAction":[{"@type":"ReadAction","target":["https:\/\/www.muclimousine.de\/limousinenservice-muenchen-kontakt\/"]}]},{"@type":"ImageObject","inLanguage":"en-US","@id":"https:\/\/www.muclimousine.de\/limousinenservice-muenchen-kontakt\/#primaryimage","url":"https:\/\/www.muclimousine.de\/wp-content\/uploads\/2025\/01\/IMG_0695-1024x691.jpg","contentUrl":"https:\/\/www.muclimousine.de\/wp-content\/uploads\/2025\/01\/IMG_0695-1024x691.jpg"},{"@type":"BreadcrumbList","@id":"https:\/\/www.muclimousine.de\/limousinenservice-muenchen-kontakt\/#breadcrumb","itemListElement":[{"@type":"ListItem","position":1,"name":"Startseite","item":"https:\/\/www.muclimousine.de\/"},{"@type":"ListItem","position":2,"name":"Kontakt"}]},{"@type":"WebSite","@id":"https:\/\/www.muclimousine.de\/#website","url":"https:\/\/www.muclimousine.de\/","name":"MucLimosuine GmbH","description":"Exklusiver Limousinen- und Chauffeurservice in M\u00fcnchen","publisher":{"@id":"https:\/\/www.muclimousine.de\/#organization"},"potentialAction":[{"@type":"SearchAction","target":{"@type":"EntryPoint","urlTemplate":"https:\/\/www.muclimousine.de\/?s={search_term_string}"},"query-input":{"@type":"PropertyValueSpecification","valueRequired":true,"valueName":"search_term_string"}}],"inLanguage":"en-US"},{"@type":"Organization","@id":"https:\/\/www.muclimousine.de\/#organization","name":"MucLimosuine GmbH","url":"https:\/\/www.muclimousine.de\/","logo":{"@type":"ImageObject","inLanguage":"en-US","@id":"https:\/\/www.muclimousine.de\/#\/schema\/logo\/image\/","url":"https:\/\/www.muclimousine.de\/wp-content\/uploads\/2024\/09\/1-e1739202421210.png","contentUrl":"https:\/\/www.muclimousine.de\/wp-content\/uploads\/2024\/09\/1-e1739202421210.png","width":2160,"height":1073,"caption":"MucLimosuine GmbH"},"image":{"@id":"https:\/\/www.muclimousine.de\/#\/schema\/logo\/image\/"}}]}},"_links":{"self":[{"href":"https:\/\/www.muclimousine.de\/en\/wp-json\/wp\/v2\/pages\/217","targetHints":{"allow":["GET"]}}],"collection":[{"href":"https:\/\/www.muclimousine.de\/en\/wp-json\/wp\/v2\/pages"}],"about":[{"href":"https:\/\/www.muclimousine.de\/en\/wp-json\/wp\/v2\/types\/page"}],"author":[{"embeddable":true,"href":"https:\/\/www.muclimousine.de\/en\/wp-json\/wp\/v2\/users\/1"}],"replies":[{"embeddable":true,"href":"https:\/\/www.muclimousine.de\/en\/wp-json\/wp\/v2\/comments?post=217"}],"version-history":[{"count":21,"href":"https:\/\/www.muclimousine.de\/en\/wp-json\/wp\/v2\/pages\/217\/revisions"}],"predecessor-version":[{"id":65851,"href":"https:\/\/www.muclimousine.de\/en\/wp-json\/wp\/v2\/pages\/217\/revisions\/65851"}],"wp:attachment":[{"href":"https:\/\/www.muclimousine.de\/en\/wp-json\/wp\/v2\/media?parent=217"}],"curies":[{"name":"wp","href":"https:\/\/api.w.org\/{rel}","templated":true}]}}