{"id":65689,"date":"2025-02-10T21:42:55","date_gmt":"2025-02-10T20:42:55","guid":{"rendered":"https:\/\/www.muclimousine.de\/?page_id=65689"},"modified":"2025-02-10T21:46:35","modified_gmt":"2025-02-10T20:46:35","slug":"impressum","status":"publish","type":"page","link":"https:\/\/www.muclimousine.de\/en\/impressum\/","title":{"rendered":"Impressum"},"content":{"rendered":"<div data-elementor-type=\"wp-page\" data-elementor-id=\"65689\" class=\"elementor elementor-65689\" data-elementor-post-type=\"page\">\n\t\t\t\t\t\t<section class=\"elementor-section elementor-top-section elementor-element elementor-element-3ce7155 elementor-section-boxed elementor-section-height-default elementor-section-height-default sc_fly_static\" data-id=\"3ce7155\" data-element_type=\"section\">\n\t\t\t\t\t\t<div class=\"elementor-container elementor-column-gap-extended\">\n\t\t\t\t\t<div class=\"elementor-column elementor-col-100 elementor-top-column elementor-element elementor-element-0fdf137 sc_content_align_inherit sc_layouts_column_icons_position_left sc_fly_static\" data-id=\"0fdf137\" data-element_type=\"column\">\n\t\t\t<div class=\"elementor-widget-wrap elementor-element-populated\">\n\t\t\t\t\t\t<div class=\"elementor-element elementor-element-215ed668 sc_height_huge sc_fly_static elementor-widget elementor-widget-spacer\" data-id=\"215ed668\" data-element_type=\"widget\" data-widget_type=\"spacer.default\">\n\t\t\t\t<div class=\"elementor-widget-container\">\n\t\t\t\t\t\t\t<div class=\"elementor-spacer\">\n\t\t\t<div class=\"elementor-spacer-inner\"><\/div>\n\t\t<\/div>\n\t\t\t\t\t\t<\/div>\n\t\t\t\t<\/div>\n\t\t\t\t\t<\/div>\n\t\t<\/div>\n\t\t\t\t\t<\/div>\n\t\t<\/section>\n\t\t\t\t<section class=\"elementor-section elementor-top-section elementor-element elementor-element-0138849 elementor-section-boxed elementor-section-height-default elementor-section-height-default sc_fly_static\" data-id=\"0138849\" data-element_type=\"section\">\n\t\t\t\t\t\t<div class=\"elementor-container elementor-column-gap-extended\">\n\t\t\t\t\t<div class=\"elementor-column elementor-col-100 elementor-top-column elementor-element elementor-element-5a246fa sc_content_align_inherit sc_layouts_column_icons_position_left sc_fly_static\" data-id=\"5a246fa\" data-element_type=\"column\">\n\t\t\t<div class=\"elementor-widget-wrap elementor-element-populated\">\n\t\t\t\t\t\t<div class=\"elementor-element elementor-element-d1f761f sc_fly_static elementor-widget elementor-widget-text-editor\" data-id=\"d1f761f\" data-element_type=\"widget\" data-widget_type=\"text-editor.default\">\n\t\t\t\t<div class=\"elementor-widget-container\">\n\t\t\t\t\t\t\t\t\t<p data-pm-slice=\"1 1 []\"><strong>Angaben gem\u00e4\u00df \u00a7 5 TMG:<\/strong> Taxiunternehmen Mazin Abudi<br \/>Eisnergutbogen 5<br \/>80639 M\u00fcnchen<br \/>Deutschland<\/p><p><strong>Vertreten durch:<\/strong><br \/>Mazin Abudi<\/p><p><strong>Kontakt:<\/strong><br \/>Telefon: +49 (0) 157 7777 50 53<br \/>E-Mail: <a>info@muc.damasolutions.de<\/a><\/p><p><strong>Verantwortlich f\u00fcr den Inhalt nach \u00a7 55 Abs. 2 RStV:<\/strong><br \/>Mazin Abudi<br \/>Eisnergutbogen 5<br \/>80639 M\u00fcnchen<br \/>Deutschland<\/p><p><strong>Streitschlichtung:<\/strong><br \/>Die Europ\u00e4ische Kommission stellt eine Plattform zur Online-Streitbeilegung (OS) bereit: <a href=\"https:\/\/ec.europa.eu\/consumers\/odr\/\">https:\/\/ec.europa.eu\/consumers\/odr\/<\/a><br \/>Unsere E-Mail-Adresse finden Sie oben im Impressum.<\/p><p>Wir sind nicht bereit oder verpflichtet, an Streitbeilegungsverfahren vor einer Verbraucherschlichtungsstelle teilzunehmen.<\/p><p><strong>Haftung f\u00fcr Inhalte:<\/strong><br \/>Als Diensteanbieter sind wir gem\u00e4\u00df \u00a7 7 Abs.1 TMG f\u00fcr eigene Inhalte auf diesen Seiten nach den allgemeinen Gesetzen verantwortlich. Nach \u00a7\u00a7 8 bis 10 TMG sind wir als Diensteanbieter jedoch nicht verpflichtet, \u00fcbermittelte oder gespeicherte fremde Informationen zu \u00fcberwachen oder nach Umst\u00e4nden zu forschen, die auf eine rechtswidrige T\u00e4tigkeit hinweisen.<br \/>Verpflichtungen zur Entfernung oder Sperrung der Nutzung von Informationen nach den allgemeinen Gesetzen bleiben hiervon unber\u00fchrt. Eine diesbez\u00fcgliche Haftung ist jedoch erst ab dem Zeitpunkt der Kenntnis einer konkreten Rechtsverletzung m\u00f6glich. Bei Bekanntwerden von entsprechenden Rechtsverletzungen werden wir diese Inhalte umgehend entfernen.<\/p><p><strong>Haftung f\u00fcr Links:<\/strong><br \/>Unser Angebot enth\u00e4lt Links zu externen Websites Dritter, auf deren Inhalte wir keinen Einfluss haben. Deshalb k\u00f6nnen wir f\u00fcr diese fremden Inhalte auch keine Gew\u00e4hr \u00fcbernehmen. F\u00fcr die Inhalte der verlinkten Seiten ist stets der jeweilige Anbieter oder Betreiber der Seiten verantwortlich. Die verlinkten Seiten wurden zum Zeitpunkt der Verlinkung auf m\u00f6gliche Rechtsverst\u00f6\u00dfe \u00fcberpr\u00fcft. Rechtswidrige Inhalte waren zum Zeitpunkt der Verlinkung nicht erkennbar.<br \/>Eine permanente inhaltliche Kontrolle der verlinkten Seiten ist jedoch ohne konkrete Anhaltspunkte einer Rechtsverletzung nicht zumutbar. Bei Bekanntwerden von Rechtsverletzungen werden wir derartige Links umgehend entfernen.<\/p><p><strong>Urheberrecht:<\/strong><br \/>Die durch die Seitenbetreiber erstellten Inhalte und Werke auf diesen Seiten unterliegen dem deutschen Urheberrecht. Die Vervielf\u00e4ltigung, Bearbeitung, Verbreitung und jede Art der Verwertung au\u00dferhalb der Grenzen des Urheberrechtes bed\u00fcrfen der schriftlichen Zustimmung des jeweiligen Autors bzw. Erstellers. Downloads und Kopien dieser Seite sind nur f\u00fcr den privaten, nicht kommerziellen Gebrauch gestattet.<br \/>Soweit die Inhalte auf dieser Seite nicht vom Betreiber erstellt wurden, werden die Urheberrechte Dritter beachtet. Insbesondere werden Inhalte Dritter als solche gekennzeichnet. Sollten Sie trotzdem auf eine Urheberrechtsverletzung aufmerksam werden, bitten wir um einen entsprechenden Hinweis. Bei Bekanntwerden von Rechtsverletzungen werden wir derartige Inhalte umgehend entfernen.<\/p><p><strong>Datenschutz:<\/strong><br \/>Uns ist der Schutz Ihrer Daten sehr wichtig. Wir achten deshalb streng auf die Einhaltung der geltenden datenschutzrechtlichen Vorschriften nach der Europ\u00e4ischen Datenschutz-Grundverordnung (DSGVO) und dem Bundesdatenschutzgesetz (BDSG neu).<br \/>Weitere Informationen dazu finden Sie in unserer Datenschutzerkl\u00e4rung.<\/p><div><hr \/><\/div><p>\u00a0<\/p>\t\t\t\t\t\t\t\t<\/div>\n\t\t\t\t<\/div>\n\t\t\t\t\t<\/div>\n\t\t<\/div>\n\t\t\t\t\t<\/div>\n\t\t<\/section>\n\t\t\t\t<\/div>","protected":false},"excerpt":{"rendered":"<p>Angaben gem\u00e4\u00df \u00a7 5 TMG: Taxiunternehmen Mazin AbudiEisnergutbogen 580639 M\u00fcnchenDeutschland Vertreten durch:Mazin Abudi Kontakt:Telefon: +49 (0) 157 7777 50 53E-Mail: info@muc.damasolutions.de Verantwortlich f\u00fcr den Inhalt nach \u00a7 55 Abs. 2 RStV:Mazin AbudiEisnergutbogen&hellip;<\/p>","protected":false},"author":1,"featured_media":0,"parent":0,"menu_order":0,"comment_status":"closed","ping_status":"closed","template":"","meta":{"footnotes":""},"class_list":["post-65689","page","type-page","status-publish","hentry"],"yoast_head":"<!-- This site is optimized with the Yoast SEO plugin v27.3 - https:\/\/yoast.com\/product\/yoast-seo-wordpress\/ -->\n<title>Impressum - MucLimosuine GmbH<\/title>\n<meta name=\"robots\" content=\"index, follow, max-snippet:-1, max-image-preview:large, max-video-preview:-1\" \/>\n<link rel=\"canonical\" href=\"https:\/\/www.muclimousine.de\/en\/impressum\/\" \/>\n<meta property=\"og:locale\" content=\"en_US\" \/>\n<meta property=\"og:type\" content=\"article\" \/>\n<meta property=\"og:title\" content=\"Impressum - MucLimosuine GmbH\" \/>\n<meta property=\"og:description\" content=\"Angaben gem\u00e4\u00df \u00a7 5 TMG: Taxiunternehmen Mazin AbudiEisnergutbogen 580639 M\u00fcnchenDeutschland Vertreten durch:Mazin Abudi Kontakt:Telefon: +49 (0) 157 7777 50 53E-Mail: info@muc.damasolutions.de Verantwortlich f\u00fcr den Inhalt nach \u00a7 55 Abs. 2 RStV:Mazin AbudiEisnergutbogen&hellip;\" \/>\n<meta property=\"og:url\" content=\"https:\/\/www.muclimousine.de\/en\/impressum\/\" \/>\n<meta property=\"og:site_name\" content=\"MucLimosuine GmbH\" \/>\n<meta property=\"article:modified_time\" content=\"2025-02-10T20:46:35+00:00\" \/>\n<meta name=\"twitter:card\" content=\"summary_large_image\" \/>\n<meta name=\"twitter:label1\" content=\"Est. reading time\" \/>\n\t<meta name=\"twitter:data1\" content=\"2 minutes\" \/>\n<script type=\"application\/ld+json\" class=\"yoast-schema-graph\">{\"@context\":\"https:\\\/\\\/schema.org\",\"@graph\":[{\"@type\":\"WebPage\",\"@id\":\"https:\\\/\\\/www.muclimousine.de\\\/impressum\\\/\",\"url\":\"https:\\\/\\\/www.muclimousine.de\\\/impressum\\\/\",\"name\":\"Impressum - MucLimosuine GmbH\",\"isPartOf\":{\"@id\":\"https:\\\/\\\/www.muclimousine.de\\\/#website\"},\"datePublished\":\"2025-02-10T20:42:55+00:00\",\"dateModified\":\"2025-02-10T20:46:35+00:00\",\"breadcrumb\":{\"@id\":\"https:\\\/\\\/www.muclimousine.de\\\/impressum\\\/#breadcrumb\"},\"inLanguage\":\"en-US\",\"potentialAction\":[{\"@type\":\"ReadAction\",\"target\":[\"https:\\\/\\\/www.muclimousine.de\\\/impressum\\\/\"]}]},{\"@type\":\"BreadcrumbList\",\"@id\":\"https:\\\/\\\/www.muclimousine.de\\\/impressum\\\/#breadcrumb\",\"itemListElement\":[{\"@type\":\"ListItem\",\"position\":1,\"name\":\"Startseite\",\"item\":\"https:\\\/\\\/www.muclimousine.de\\\/\"},{\"@type\":\"ListItem\",\"position\":2,\"name\":\"Impressum\"}]},{\"@type\":\"WebSite\",\"@id\":\"https:\\\/\\\/www.muclimousine.de\\\/#website\",\"url\":\"https:\\\/\\\/www.muclimousine.de\\\/\",\"name\":\"MucLimosuine GmbH\",\"description\":\"Exklusiver Limousinen- und Chauffeurservice in M\u00fcnchen\",\"publisher\":{\"@id\":\"https:\\\/\\\/www.muclimousine.de\\\/#organization\"},\"potentialAction\":[{\"@type\":\"SearchAction\",\"target\":{\"@type\":\"EntryPoint\",\"urlTemplate\":\"https:\\\/\\\/www.muclimousine.de\\\/?s={search_term_string}\"},\"query-input\":{\"@type\":\"PropertyValueSpecification\",\"valueRequired\":true,\"valueName\":\"search_term_string\"}}],\"inLanguage\":\"en-US\"},{\"@type\":\"Organization\",\"@id\":\"https:\\\/\\\/www.muclimousine.de\\\/#organization\",\"name\":\"MucLimosuine GmbH\",\"url\":\"https:\\\/\\\/www.muclimousine.de\\\/\",\"logo\":{\"@type\":\"ImageObject\",\"inLanguage\":\"en-US\",\"@id\":\"https:\\\/\\\/www.muclimousine.de\\\/#\\\/schema\\\/logo\\\/image\\\/\",\"url\":\"https:\\\/\\\/www.muclimousine.de\\\/wp-content\\\/uploads\\\/2024\\\/09\\\/1-e1739202421210.png\",\"contentUrl\":\"https:\\\/\\\/www.muclimousine.de\\\/wp-content\\\/uploads\\\/2024\\\/09\\\/1-e1739202421210.png\",\"width\":2160,\"height\":1073,\"caption\":\"MucLimosuine GmbH\"},\"image\":{\"@id\":\"https:\\\/\\\/www.muclimousine.de\\\/#\\\/schema\\\/logo\\\/image\\\/\"}}]}<\/script>\n<!-- \/ Yoast SEO plugin. -->","yoast_head_json":{"title":"Impressum - MucLimosuine GmbH","robots":{"index":"index","follow":"follow","max-snippet":"max-snippet:-1","max-image-preview":"max-image-preview:large","max-video-preview":"max-video-preview:-1"},"canonical":"https:\/\/www.muclimousine.de\/en\/impressum\/","og_locale":"en_US","og_type":"article","og_title":"Impressum - MucLimosuine GmbH","og_description":"Angaben gem\u00e4\u00df \u00a7 5 TMG: Taxiunternehmen Mazin AbudiEisnergutbogen 580639 M\u00fcnchenDeutschland Vertreten durch:Mazin Abudi Kontakt:Telefon: +49 (0) 157 7777 50 53E-Mail: info@muc.damasolutions.de Verantwortlich f\u00fcr den Inhalt nach \u00a7 55 Abs. 2 RStV:Mazin AbudiEisnergutbogen&hellip;","og_url":"https:\/\/www.muclimousine.de\/en\/impressum\/","og_site_name":"MucLimosuine GmbH","article_modified_time":"2025-02-10T20:46:35+00:00","twitter_card":"summary_large_image","twitter_misc":{"Est. reading time":"2 minutes"},"schema":{"@context":"https:\/\/schema.org","@graph":[{"@type":"WebPage","@id":"https:\/\/www.muclimousine.de\/impressum\/","url":"https:\/\/www.muclimousine.de\/impressum\/","name":"Impressum - MucLimosuine GmbH","isPartOf":{"@id":"https:\/\/www.muclimousine.de\/#website"},"datePublished":"2025-02-10T20:42:55+00:00","dateModified":"2025-02-10T20:46:35+00:00","breadcrumb":{"@id":"https:\/\/www.muclimousine.de\/impressum\/#breadcrumb"},"inLanguage":"en-US","potentialAction":[{"@type":"ReadAction","target":["https:\/\/www.muclimousine.de\/impressum\/"]}]},{"@type":"BreadcrumbList","@id":"https:\/\/www.muclimousine.de\/impressum\/#breadcrumb","itemListElement":[{"@type":"ListItem","position":1,"name":"Startseite","item":"https:\/\/www.muclimousine.de\/"},{"@type":"ListItem","position":2,"name":"Impressum"}]},{"@type":"WebSite","@id":"https:\/\/www.muclimousine.de\/#website","url":"https:\/\/www.muclimousine.de\/","name":"MucLimosuine GmbH","description":"Exklusiver Limousinen- und Chauffeurservice in M\u00fcnchen","publisher":{"@id":"https:\/\/www.muclimousine.de\/#organization"},"potentialAction":[{"@type":"SearchAction","target":{"@type":"EntryPoint","urlTemplate":"https:\/\/www.muclimousine.de\/?s={search_term_string}"},"query-input":{"@type":"PropertyValueSpecification","valueRequired":true,"valueName":"search_term_string"}}],"inLanguage":"en-US"},{"@type":"Organization","@id":"https:\/\/www.muclimousine.de\/#organization","name":"MucLimosuine GmbH","url":"https:\/\/www.muclimousine.de\/","logo":{"@type":"ImageObject","inLanguage":"en-US","@id":"https:\/\/www.muclimousine.de\/#\/schema\/logo\/image\/","url":"https:\/\/www.muclimousine.de\/wp-content\/uploads\/2024\/09\/1-e1739202421210.png","contentUrl":"https:\/\/www.muclimousine.de\/wp-content\/uploads\/2024\/09\/1-e1739202421210.png","width":2160,"height":1073,"caption":"MucLimosuine GmbH"},"image":{"@id":"https:\/\/www.muclimousine.de\/#\/schema\/logo\/image\/"}}]}},"_links":{"self":[{"href":"https:\/\/www.muclimousine.de\/en\/wp-json\/wp\/v2\/pages\/65689","targetHints":{"allow":["GET"]}}],"collection":[{"href":"https:\/\/www.muclimousine.de\/en\/wp-json\/wp\/v2\/pages"}],"about":[{"href":"https:\/\/www.muclimousine.de\/en\/wp-json\/wp\/v2\/types\/page"}],"author":[{"embeddable":true,"href":"https:\/\/www.muclimousine.de\/en\/wp-json\/wp\/v2\/users\/1"}],"replies":[{"embeddable":true,"href":"https:\/\/www.muclimousine.de\/en\/wp-json\/wp\/v2\/comments?post=65689"}],"version-history":[{"count":0,"href":"https:\/\/www.muclimousine.de\/en\/wp-json\/wp\/v2\/pages\/65689\/revisions"}],"wp:attachment":[{"href":"https:\/\/www.muclimousine.de\/en\/wp-json\/wp\/v2\/media?parent=65689"}],"curies":[{"name":"wp","href":"https:\/\/api.w.org\/{rel}","templated":true}]}}