{"id":65759,"date":"2026-04-08T14:31:44","date_gmt":"2026-04-08T12:31:44","guid":{"rendered":"https:\/\/www.muclimousine.de\/?page_id=65759"},"modified":"2026-04-08T15:23:20","modified_gmt":"2026-04-08T13:23:20","slug":"flughafentransfer-muenchen","status":"publish","type":"page","link":"https:\/\/www.muclimousine.de\/en\/flughafentransfer-muenchen\/","title":{"rendered":"Flughafentransfer M\u00fcnchen"},"content":{"rendered":"<div data-elementor-type=\"wp-page\" data-elementor-id=\"65759\" class=\"elementor elementor-65759\" data-elementor-post-type=\"page\">\n\t\t\t\t\t\t<section class=\"elementor-section elementor-top-section elementor-element elementor-element-88eee7c elementor-section-boxed elementor-section-height-default elementor-section-height-default sc_fly_static\" data-id=\"88eee7c\" data-element_type=\"section\">\n\t\t\t\t\t\t<div class=\"elementor-container elementor-column-gap-extended\">\n\t\t\t\t\t<div class=\"elementor-column elementor-col-100 elementor-top-column elementor-element elementor-element-dc154c0 sc_content_align_inherit sc_layouts_column_icons_position_left sc_fly_static\" data-id=\"dc154c0\" data-element_type=\"column\">\n\t\t\t<div class=\"elementor-widget-wrap elementor-element-populated\">\n\t\t\t\t\t\t<div class=\"elementor-element elementor-element-eb0622d sc_fly_static elementor-widget elementor-widget-text-editor\" data-id=\"eb0622d\" data-element_type=\"widget\" data-widget_type=\"text-editor.default\">\n\t\t\t\t<div class=\"elementor-widget-container\">\n\t\t\t\t\t\t\t\t\t<p>Unser Flughafentransfer in M\u00fcnchen bietet Ihnen einen zuverl\u00e4ssigen und luxuri\u00f6sen Transport zum und vom Flughafen. Mit unserem professionellen Chauffeurservice in M\u00fcnchen reisen Sie komfortabel, p\u00fcnktlich und stressfrei.<\/p><p>Egal ob Gesch\u00e4ftsreise oder privater Flug \u2013 unser Limousinenservice in M\u00fcnchen sorgt f\u00fcr eine entspannte Fahrt. Unsere Fahrzeuge stehen f\u00fcr h\u00f6chste Qualit\u00e4t, Komfort und Sicherheit.<\/p>\t\t\t\t\t\t\t\t<\/div>\n\t\t\t\t<\/div>\n\t\t\t\t\t<\/div>\n\t\t<\/div>\n\t\t\t\t\t<\/div>\n\t\t<\/section>\n\t\t\t\t<section class=\"elementor-section elementor-top-section elementor-element elementor-element-358bd47 elementor-section-boxed elementor-section-height-default elementor-section-height-default sc_fly_static\" data-id=\"358bd47\" data-element_type=\"section\">\n\t\t\t\t\t\t<div class=\"elementor-container elementor-column-gap-extended\">\n\t\t\t\t\t<div class=\"elementor-column elementor-col-100 elementor-top-column elementor-element elementor-element-b3efaf5 sc_content_align_inherit sc_layouts_column_icons_position_left sc_fly_static\" data-id=\"b3efaf5\" data-element_type=\"column\">\n\t\t\t<div class=\"elementor-widget-wrap elementor-element-populated\">\n\t\t\t\t\t\t<div class=\"elementor-element elementor-element-eb0373d elementor-widget-tablet__width-initial sc_fly_static elementor-widget elementor-widget-heading\" data-id=\"eb0373d\" data-element_type=\"widget\" data-widget_type=\"heading.default\">\n\t\t\t\t<div class=\"elementor-widget-container\">\n\t\t\t\t\t<h2 class=\"elementor-heading-title elementor-size-default\"><pre class=\"overflow-visible! px-0!\" data-start=\"792\" data-end=\"850\"><div class=\"relative w-full mt-4 mb-1\"><div class=\"\"><div class=\"relative\"><div class=\"h-full min-h-0 min-w-0\"><div class=\"h-full min-h-0 min-w-0\"><div class=\"border border-token-border-light border-radius-3xl corner-superellipse\/1.1 rounded-3xl\"><div class=\"h-full w-full border-radius-3xl bg-token-bg-elevated-secondary corner-superellipse\/1.1 overflow-clip rounded-3xl lxnfua_clipPathFallback\"><div class=\"w-full overflow-x-hidden overflow-y-auto pe-11 pt-3\"><div class=\"relative z-0 flex max-w-full\"><div id=\"code-block-viewer\" dir=\"ltr\" class=\"q9tKkq_viewer cm-editor z-10 light:cm-light dark:cm-light flex h-full w-full flex-col items-stretch \u037cs \u037c16\"><div class=\"cm-scroller\"><div class=\"cm-content q9tKkq_readonly\">Warum unseren Flughafentransfer M\u00fcnchen w\u00e4hlen?<\/div><\/div><\/div><\/div><\/div><\/div><\/div><\/div><\/div><div class=\"\"><div class=\"\"><\/div><\/div><\/div><\/div><\/div><\/pre><\/h2>\t\t\t\t<\/div>\n\t\t\t\t<\/div>\n\t\t\t\t\t<\/div>\n\t\t<\/div>\n\t\t\t\t\t<\/div>\n\t\t<\/section>\n\t\t\t\t<section class=\"elementor-section elementor-top-section elementor-element elementor-element-16421ea elementor-section-boxed elementor-section-height-default elementor-section-height-default sc_fly_static\" data-id=\"16421ea\" data-element_type=\"section\">\n\t\t\t\t\t\t<div class=\"elementor-container elementor-column-gap-extended\">\n\t\t\t\t\t<div class=\"elementor-column elementor-col-100 elementor-top-column elementor-element elementor-element-67f69be sc_content_align_inherit sc_layouts_column_icons_position_left sc_fly_static\" data-id=\"67f69be\" data-element_type=\"column\">\n\t\t\t<div class=\"elementor-widget-wrap elementor-element-populated\">\n\t\t\t\t\t\t<div class=\"elementor-element elementor-element-89d3ee4 sc_fly_static elementor-widget elementor-widget-text-editor\" data-id=\"89d3ee4\" data-element_type=\"widget\" data-widget_type=\"text-editor.default\">\n\t\t\t\t<div class=\"elementor-widget-container\">\n\t\t\t\t\t\t\t\t\t<p>\u2022 P\u00fcnktliche Abholung und zuverl\u00e4ssiger Service\u00a0\u00a0<\/p><p>\u2022 Luxusfahrzeuge f\u00fcr maximalen Komfort\u00a0\u00a0<\/p><p>\u2022 Professionelle und diskrete Chauffeure\u00a0\u00a0<\/p><p>\u2022 24\/7 Verf\u00fcgbarkeit\u00a0\u00a0<\/p><p>\u2022 Perfekt f\u00fcr Gesch\u00e4ftsreisen und VIP-Transfers<\/p>\t\t\t\t\t\t\t\t<\/div>\n\t\t\t\t<\/div>\n\t\t\t\t\t<\/div>\n\t\t<\/div>\n\t\t\t\t\t<\/div>\n\t\t<\/section>\n\t\t\t\t<section class=\"elementor-section elementor-top-section elementor-element elementor-element-2463ba7 elementor-section-boxed elementor-section-height-default elementor-section-height-default sc_fly_static\" data-id=\"2463ba7\" data-element_type=\"section\">\n\t\t\t\t\t\t<div class=\"elementor-container elementor-column-gap-extended\">\n\t\t\t\t\t<div class=\"elementor-column elementor-col-100 elementor-top-column elementor-element elementor-element-79fb8ca sc_content_align_inherit sc_layouts_column_icons_position_left sc_fly_static\" data-id=\"79fb8ca\" data-element_type=\"column\">\n\t\t\t<div class=\"elementor-widget-wrap elementor-element-populated\">\n\t\t\t\t\t\t<div class=\"elementor-element elementor-element-2f47bf8 sc_fly_static elementor-widget elementor-widget-button\" data-id=\"2f47bf8\" data-element_type=\"widget\" data-widget_type=\"button.default\">\n\t\t\t\t<div class=\"elementor-widget-container\">\n\t\t\t\t\t\t\t\t\t<div class=\"elementor-button-wrapper\">\n\t\t\t\t\t<a class=\"elementor-button elementor-button-link elementor-size-sm\" href=\"https:\/\/www.muclimousine.de\/en\/contact\/\">\n\t\t\t\t\t\t<span class=\"elementor-button-content-wrapper\">\n\t\t\t\t\t\t\t\t\t<span class=\"elementor-button-text\">Jetzt buchen<\/span>\n\t\t\t\t\t<\/span>\n\t\t\t\t\t<\/a>\n\t\t\t\t<\/div>\n\t\t\t\t\t\t\t\t<\/div>\n\t\t\t\t<\/div>\n\t\t\t\t\t<\/div>\n\t\t<\/div>\n\t\t\t\t\t<\/div>\n\t\t<\/section>\n\t\t\t\t<\/div>","protected":false},"excerpt":{"rendered":"<p>Unser Flughafentransfer in M\u00fcnchen bietet Ihnen einen zuverl\u00e4ssigen und luxuri\u00f6sen Transport zum und vom Flughafen. Mit unserem professionellen Chauffeurservice in M\u00fcnchen reisen Sie komfortabel, p\u00fcnktlich und stressfrei. Egal ob Gesch\u00e4ftsreise oder privater&hellip;<\/p>","protected":false},"author":4,"featured_media":0,"parent":0,"menu_order":0,"comment_status":"closed","ping_status":"closed","template":"","meta":{"footnotes":""},"class_list":["post-65759","page","type-page","status-publish","hentry"],"yoast_head":"<!-- This site is optimized with the Yoast SEO plugin v27.3 - https:\/\/yoast.com\/product\/yoast-seo-wordpress\/ -->\n<title>Flughafentransfer M\u00fcnchen - MucLimosuine GmbH<\/title>\n<meta name=\"robots\" content=\"index, follow, max-snippet:-1, max-image-preview:large, max-video-preview:-1\" \/>\n<link rel=\"canonical\" href=\"https:\/\/www.muclimousine.de\/en\/flughafentransfer-muenchen\/\" \/>\n<meta property=\"og:locale\" content=\"en_US\" \/>\n<meta property=\"og:type\" content=\"article\" \/>\n<meta property=\"og:title\" content=\"Flughafentransfer M\u00fcnchen - MucLimosuine GmbH\" \/>\n<meta property=\"og:description\" content=\"Unser Flughafentransfer in M\u00fcnchen bietet Ihnen einen zuverl\u00e4ssigen und luxuri\u00f6sen Transport zum und vom Flughafen. Mit unserem professionellen Chauffeurservice in M\u00fcnchen reisen Sie komfortabel, p\u00fcnktlich und stressfrei. Egal ob Gesch\u00e4ftsreise oder privater&hellip;\" \/>\n<meta property=\"og:url\" content=\"https:\/\/www.muclimousine.de\/en\/flughafentransfer-muenchen\/\" \/>\n<meta property=\"og:site_name\" content=\"MucLimosuine GmbH\" \/>\n<meta property=\"article:modified_time\" content=\"2026-04-08T13:23:20+00:00\" \/>\n<meta name=\"twitter:card\" content=\"summary_large_image\" \/>\n<meta name=\"twitter:label1\" content=\"Est. reading time\" \/>\n\t<meta name=\"twitter:data1\" content=\"1 minute\" \/>\n<script type=\"application\/ld+json\" class=\"yoast-schema-graph\">{\"@context\":\"https:\\\/\\\/schema.org\",\"@graph\":[{\"@type\":\"WebPage\",\"@id\":\"https:\\\/\\\/www.muclimousine.de\\\/flughafentransfer-muenchen\\\/\",\"url\":\"https:\\\/\\\/www.muclimousine.de\\\/flughafentransfer-muenchen\\\/\",\"name\":\"Flughafentransfer M\u00fcnchen - MucLimosuine GmbH\",\"isPartOf\":{\"@id\":\"https:\\\/\\\/www.muclimousine.de\\\/#website\"},\"datePublished\":\"2026-04-08T12:31:44+00:00\",\"dateModified\":\"2026-04-08T13:23:20+00:00\",\"breadcrumb\":{\"@id\":\"https:\\\/\\\/www.muclimousine.de\\\/flughafentransfer-muenchen\\\/#breadcrumb\"},\"inLanguage\":\"en-US\",\"potentialAction\":[{\"@type\":\"ReadAction\",\"target\":[\"https:\\\/\\\/www.muclimousine.de\\\/flughafentransfer-muenchen\\\/\"]}]},{\"@type\":\"BreadcrumbList\",\"@id\":\"https:\\\/\\\/www.muclimousine.de\\\/flughafentransfer-muenchen\\\/#breadcrumb\",\"itemListElement\":[{\"@type\":\"ListItem\",\"position\":1,\"name\":\"Startseite\",\"item\":\"https:\\\/\\\/www.muclimousine.de\\\/\"},{\"@type\":\"ListItem\",\"position\":2,\"name\":\"Flughafentransfer M\u00fcnchen\"}]},{\"@type\":\"WebSite\",\"@id\":\"https:\\\/\\\/www.muclimousine.de\\\/#website\",\"url\":\"https:\\\/\\\/www.muclimousine.de\\\/\",\"name\":\"MucLimosuine GmbH\",\"description\":\"Exklusiver Limousinen- und Chauffeurservice in M\u00fcnchen\",\"publisher\":{\"@id\":\"https:\\\/\\\/www.muclimousine.de\\\/#organization\"},\"potentialAction\":[{\"@type\":\"SearchAction\",\"target\":{\"@type\":\"EntryPoint\",\"urlTemplate\":\"https:\\\/\\\/www.muclimousine.de\\\/?s={search_term_string}\"},\"query-input\":{\"@type\":\"PropertyValueSpecification\",\"valueRequired\":true,\"valueName\":\"search_term_string\"}}],\"inLanguage\":\"en-US\"},{\"@type\":\"Organization\",\"@id\":\"https:\\\/\\\/www.muclimousine.de\\\/#organization\",\"name\":\"MucLimosuine GmbH\",\"url\":\"https:\\\/\\\/www.muclimousine.de\\\/\",\"logo\":{\"@type\":\"ImageObject\",\"inLanguage\":\"en-US\",\"@id\":\"https:\\\/\\\/www.muclimousine.de\\\/#\\\/schema\\\/logo\\\/image\\\/\",\"url\":\"https:\\\/\\\/www.muclimousine.de\\\/wp-content\\\/uploads\\\/2024\\\/09\\\/1-e1739202421210.png\",\"contentUrl\":\"https:\\\/\\\/www.muclimousine.de\\\/wp-content\\\/uploads\\\/2024\\\/09\\\/1-e1739202421210.png\",\"width\":2160,\"height\":1073,\"caption\":\"MucLimosuine GmbH\"},\"image\":{\"@id\":\"https:\\\/\\\/www.muclimousine.de\\\/#\\\/schema\\\/logo\\\/image\\\/\"}}]}<\/script>\n<!-- \/ Yoast SEO plugin. -->","yoast_head_json":{"title":"Flughafentransfer M\u00fcnchen - MucLimosuine GmbH","robots":{"index":"index","follow":"follow","max-snippet":"max-snippet:-1","max-image-preview":"max-image-preview:large","max-video-preview":"max-video-preview:-1"},"canonical":"https:\/\/www.muclimousine.de\/en\/flughafentransfer-muenchen\/","og_locale":"en_US","og_type":"article","og_title":"Flughafentransfer M\u00fcnchen - MucLimosuine GmbH","og_description":"Unser Flughafentransfer in M\u00fcnchen bietet Ihnen einen zuverl\u00e4ssigen und luxuri\u00f6sen Transport zum und vom Flughafen. Mit unserem professionellen Chauffeurservice in M\u00fcnchen reisen Sie komfortabel, p\u00fcnktlich und stressfrei. Egal ob Gesch\u00e4ftsreise oder privater&hellip;","og_url":"https:\/\/www.muclimousine.de\/en\/flughafentransfer-muenchen\/","og_site_name":"MucLimosuine GmbH","article_modified_time":"2026-04-08T13:23:20+00:00","twitter_card":"summary_large_image","twitter_misc":{"Est. reading time":"1 minute"},"schema":{"@context":"https:\/\/schema.org","@graph":[{"@type":"WebPage","@id":"https:\/\/www.muclimousine.de\/flughafentransfer-muenchen\/","url":"https:\/\/www.muclimousine.de\/flughafentransfer-muenchen\/","name":"Flughafentransfer M\u00fcnchen - MucLimosuine GmbH","isPartOf":{"@id":"https:\/\/www.muclimousine.de\/#website"},"datePublished":"2026-04-08T12:31:44+00:00","dateModified":"2026-04-08T13:23:20+00:00","breadcrumb":{"@id":"https:\/\/www.muclimousine.de\/flughafentransfer-muenchen\/#breadcrumb"},"inLanguage":"en-US","potentialAction":[{"@type":"ReadAction","target":["https:\/\/www.muclimousine.de\/flughafentransfer-muenchen\/"]}]},{"@type":"BreadcrumbList","@id":"https:\/\/www.muclimousine.de\/flughafentransfer-muenchen\/#breadcrumb","itemListElement":[{"@type":"ListItem","position":1,"name":"Startseite","item":"https:\/\/www.muclimousine.de\/"},{"@type":"ListItem","position":2,"name":"Flughafentransfer M\u00fcnchen"}]},{"@type":"WebSite","@id":"https:\/\/www.muclimousine.de\/#website","url":"https:\/\/www.muclimousine.de\/","name":"MucLimosuine GmbH","description":"Exklusiver Limousinen- und Chauffeurservice in M\u00fcnchen","publisher":{"@id":"https:\/\/www.muclimousine.de\/#organization"},"potentialAction":[{"@type":"SearchAction","target":{"@type":"EntryPoint","urlTemplate":"https:\/\/www.muclimousine.de\/?s={search_term_string}"},"query-input":{"@type":"PropertyValueSpecification","valueRequired":true,"valueName":"search_term_string"}}],"inLanguage":"en-US"},{"@type":"Organization","@id":"https:\/\/www.muclimousine.de\/#organization","name":"MucLimosuine GmbH","url":"https:\/\/www.muclimousine.de\/","logo":{"@type":"ImageObject","inLanguage":"en-US","@id":"https:\/\/www.muclimousine.de\/#\/schema\/logo\/image\/","url":"https:\/\/www.muclimousine.de\/wp-content\/uploads\/2024\/09\/1-e1739202421210.png","contentUrl":"https:\/\/www.muclimousine.de\/wp-content\/uploads\/2024\/09\/1-e1739202421210.png","width":2160,"height":1073,"caption":"MucLimosuine GmbH"},"image":{"@id":"https:\/\/www.muclimousine.de\/#\/schema\/logo\/image\/"}}]}},"_links":{"self":[{"href":"https:\/\/www.muclimousine.de\/en\/wp-json\/wp\/v2\/pages\/65759","targetHints":{"allow":["GET"]}}],"collection":[{"href":"https:\/\/www.muclimousine.de\/en\/wp-json\/wp\/v2\/pages"}],"about":[{"href":"https:\/\/www.muclimousine.de\/en\/wp-json\/wp\/v2\/types\/page"}],"author":[{"embeddable":true,"href":"https:\/\/www.muclimousine.de\/en\/wp-json\/wp\/v2\/users\/4"}],"replies":[{"embeddable":true,"href":"https:\/\/www.muclimousine.de\/en\/wp-json\/wp\/v2\/comments?post=65759"}],"version-history":[{"count":9,"href":"https:\/\/www.muclimousine.de\/en\/wp-json\/wp\/v2\/pages\/65759\/revisions"}],"predecessor-version":[{"id":65802,"href":"https:\/\/www.muclimousine.de\/en\/wp-json\/wp\/v2\/pages\/65759\/revisions\/65802"}],"wp:attachment":[{"href":"https:\/\/www.muclimousine.de\/en\/wp-json\/wp\/v2\/media?parent=65759"}],"curies":[{"name":"wp","href":"https:\/\/api.w.org\/{rel}","templated":true}]}}